{"id":224,"date":"2022-12-05T19:58:49","date_gmt":"2022-12-05T19:58:49","guid":{"rendered":"https:\/\/xn--mausbrwear-u5a.de\/?page_id=224"},"modified":"2026-02-12T21:36:25","modified_gmt":"2026-02-12T20:36:25","slug":"agb","status":"publish","type":"page","link":"https:\/\/xn--mausbrwear-u5a.de\/?page_id=224","title":{"rendered":"AGB"},"content":{"rendered":"  <div id=\"page-header-1903611539\" class=\"page-header-wrapper\">\n  <div class=\"page-title dark featured-title\">\n\n    \n    <div class=\"page-title-inner container align-center flex-row medium-flex-wrap\" >\n              <div class=\"title-wrapper flex-col text-left medium-text-center\">\n          <h1 class=\"entry-title mb-0\">\n            AGB          <\/h1>\n        <\/div>\n                    <div class=\"title-content flex-col flex-right text-right medium-text-center\">\n              <\/div>\n    <\/div>\n\n       <\/div>\n    <\/div>\n  \n\n<p><!DOCTYPE html><br \/>\n<html lang=\"en\"><br \/>\n<head><br \/>\n    <meta charset=\"utf-8\"><br \/>\n    <title><\/p>\n<p><strong>Allgemeine Gesch&auml;ftsbedingungen<\/strong><\/p>\n<p><\/title><br \/>\n    <meta http-equiv=\"Content-Type\" content=\"text\/html; charset=UTF-8\" \/><\/p>\n<style> * { font-family: handlee, sans-serif; } <\/style>\n<p><\/head><br \/>\n<body><\/p>\n<p><strong>Allgemeine Gesch&auml;ftsbedingungen<\/strong><\/p>\n<h2>1.\u00a0Geltungsbereich<\/h2>\n<p>F\u00fcr alle Bestellungen \u00fcber unseren Online-Shop durch Verbraucher und Unternehmer gelten die nachfolgenden AGB.<\/p>\n<p>Verbraucher ist jede nat\u00fcrliche Person, die ein Rechtsgesch\u00e4ft zu Zwecken abschlie\u00dft, die \u00fcberwiegend weder ihrer gewerblichen noch ihrer selbst\u00e4ndigen beruflichen T\u00e4tigkeit zugerechnet werden k\u00f6nnen. Unternehmer ist eine nat\u00fcrliche oder juristische Person oder eine rechtsf\u00e4hige Personengesellschaft, die bei Abschluss eines Rechtsgesch\u00e4fts in Aus\u00fcbung ihrer gewerblichen oder selbst\u00e4ndigen beruflichen T\u00e4tigkeit handelt. <\/p>\n<p>Gegen\u00fcber Unternehmern gilt: Verwendet der Unternehmer entgegenstehende oder erg\u00e4nzende Allgemeine Gesch\u00e4ftsbedingungen, wird deren Geltung hiermit widersprochen; sie werden nur dann Vertragsbestandteil, wenn wir dem ausdr\u00fccklich zugestimmt haben. <\/p>\n<h2>2.\u00a0Vertragspartner, Vertragsschluss, Korrekturm\u00f6glichkeiten<\/h2>\n<p>Der Kaufvertrag kommt zustande mit MausB\u00e4rWear.<\/p>\n<p>Mit Einstellung der Produkte in den Online-Shop geben wir ein verbindliches Angebot zum Vertragsschluss \u00fcber diese Artikel ab. Sie k\u00f6nnen unsere Produkte zun\u00e4chst unverbindlich in den Warenkorb legen und Ihre Eingaben vor Absenden Ihrer verbindlichen Bestellung jederzeit korrigieren, indem Sie die hierf\u00fcr im Bestellablauf vorgesehenen und erl\u00e4uterten Korrekturhilfen nutzen. Der Vertrag kommt zustande, indem Sie durch Anklicken des Bestellbuttons das Angebot \u00fcber die im Warenkorb enthaltenen Waren annehmen. Unmittelbar nach dem Absenden der Bestellung erhalten Sie noch einmal eine Best\u00e4tigung per E-Mail.<\/p>\n<h2>3.\u00a0Vertragssprache, Vertragstextspeicherung<\/h2>\n<p>Die f\u00fcr den Vertragsschluss zur Verf\u00fcgung stehende(n) Sprache(n): Deutsch<\/p>\n<p>Wir speichern den Vertragstext und senden Ihnen die Bestelldaten und unsere AGB in Textform zu. Der Vertragstext ist aus Sicherheitsgr\u00fcnden nicht mehr \u00fcber das Internet zug\u00e4nglich.<\/p>\n<h2>4.\u00a0Lieferbedingungen<\/h2>\n<p>Zuz\u00fcglich zu den angegebenen Produktpreisen kommen noch Versandkosten hinzu. N\u00e4heres zur H\u00f6he der Versandkosten erfahren Sie bei den Angeboten.<\/p>\n<p>Sie haben grunds\u00e4tzlich die M\u00f6glichkeit der Abholung bei Andrea Haider, Spirkavilsweg 5, 84149 Velden(Vils), Deutschland zu den nachfolgend angegebenen Gesch\u00e4ftszeiten: nach Vereinbarung<\/p>\n<p>Wir liefern nicht an Packstationen.<\/p>\n<h2>5.\u00a0Bezahlung<\/h2>\n<p>In unserem Shop stehen Ihnen grunds\u00e4tzlich die folgenden Zahlungsarten zur Verf\u00fcgung:<\/p>\n<p><strong>Vorkasse<\/strong><br \/>Bei Auswahl der Zahlungsart Vorkasse nennen wir Ihnen unsere Bankverbindung in separater E-Mail und liefern die Ware nach Zahlungseingang.<\/p>\n<p><strong>PayPal<\/strong><br \/> Um den Rechnungsbetrag \u00fcber den Zahlungsdienstleister PayPal (Europe) S.\u00e0 r.l. et Cie, S.C.A, 22-24 Boulevard Royal, L-2449 Luxembourg (\u201ePayPal\u201c) bezahlen zu k\u00f6nnen, m\u00fcssen Sie bei PayPal registriert sein, sich mit Ihren Zugangsdaten legitimieren und die Zahlungsanweisung best\u00e4tigen.<br \/>\n     Die Zahlungstransaktion wird durch PayPal unmittelbar nach Abgabe der Bestellung durchgef\u00fchrt. Weitere Hinweise erhalten Sie im Bestellvorgang.\n    <\/p>\n<p>PayPal kann registrierten und nach eigenen Kriterien ausgew\u00e4hlten PayPal-Kunden weitere Zahlungsmodalit\u00e4ten im Kundenkonto anbieten. Auf das Anbieten dieser Modalit\u00e4ten haben wir allerdings keinen Einfluss; weitere individuell angebotene Zahlungsmodalit\u00e4ten betreffen Ihr Rechtsverh\u00e4ltnis mit PayPal. Weitere Informationen hierzu finden Sie in Ihrem PayPal-Konto.<\/p>\n<p><strong>Barzahlung bei Abholung <\/strong><br \/> Sie zahlen den Rechnungsbetrag bei der Abholung bar.<\/p>\n<h2>6.\u00a0Widerrufsrecht<\/h2>\n<p>Verbrauchern steht das gesetzliche Widerrufsrecht, wie in der Widerrufsbelehrung beschrieben, zu. Unternehmern wird kein freiwilliges Widerrufsrecht einger\u00e4umt.<\/p>\n<h2>7.\u00a0Eigentumsvorbehalt\u200b\u200b\u200b\u200b\u200b\u200b\u200b<\/h2>\n<p>Die Ware bleibt bis zur vollst\u00e4ndigen Bezahlung unser Eigentum.<br \/> F\u00fcr Unternehmer gilt erg\u00e4nzend: Wir behalten uns das Eigentum an der Ware bis zur vollst\u00e4ndigen Begleichung aller Forderungen aus einer laufenden Gesch\u00e4ftsbeziehung vor. Sie d\u00fcrfen die Vorbehaltsware im ordentlichen Gesch\u00e4ftsbetrieb weiterver\u00e4u\u00dfern; s\u00e4mtliche aus diesem Weiterverkauf entstehenden Forderungen treten Sie \u2013 unabh\u00e4ngig von einer Verbindung oder Vermischung der Vorbehaltsware mit einer neuen Sache &#8211; in H\u00f6he des Rechnungsbetrages an uns im Voraus ab, und wir nehmen diese Abtretung an. Sie bleiben zur Einziehung der Forderungen erm\u00e4chtigt, wir d\u00fcrfen Forderungen jedoch auch selbst einziehen, soweit Sie Ihren Zahlungsverpflichtungen nicht nachkommen. Die uns zustehenden Sicherheiten werden wir auf Ihr Verlangen insoweit freigeben, als der realisierbare Wert der Sicherheiten den Wert der offenen Forderungen um mehr als 10 % \u00fcbersteigt.<\/p>\n<h2>8.\u00a0Transportsch\u00e4den\u200b\u200b\u200b\u200b\u200b\u200b\u200b<\/h2>\n<p>F\u00fcr Verbraucher gilt: Werden Waren mit offensichtlichen Transportsch\u00e4den angeliefert, so reklamieren Sie solche Fehler bitte m\u00f6glichst sofort beim Zusteller und nehmen Sie bitte unverz\u00fcglich Kontakt zu uns auf. Die Vers\u00e4umung einer Reklamation oder Kontaktaufnahme hat f\u00fcr Ihre gesetzlichen Anspr\u00fcche und deren Durchsetzung, insbesondere Ihre Gew\u00e4hrleistungsrechte, keinerlei Konsequenzen. Sie helfen uns aber, unsere eigenen Anspr\u00fcche gegen\u00fcber dem Frachtf\u00fchrer bzw. der Transportversicherung geltend machen zu k\u00f6nnen.<\/p>\n<p>F\u00fcr Unternehmer gilt: Die Gefahr des zuf\u00e4lligen Untergangs und der zuf\u00e4lligen Verschlechterung geht auf Sie \u00fcber, sobald wir die Sache dem Spediteur, dem Frachtf\u00fchrer oder der sonst zur Ausf\u00fchrung der Versendung bestimmten Person oder Anstalt ausgeliefert haben.<\/p>\n<h2>9.\u00a0Gew\u00e4hrleistung und Garantien\u200b\u200b\u200b\u200b\u200b\u200b\u200b<\/h2>\n<h3>9.1\u00a0M\u00e4ngelhaftungsrecht <\/h3>\n<p>Soweit nicht nachstehend ausdr\u00fccklich anders vereinbart, gilt das gesetzliche M\u00e4ngelhaftungsrecht.<\/p>\n<p>Die nachstehenden Einschr\u00e4nkungen und Fristverk\u00fcrzungen gelten nicht f\u00fcr Anspr\u00fcche aufgrund von Sch\u00e4den, die durch uns, unsere gesetzlichen Vertreter oder Erf\u00fcllungsgehilfen verursacht wurden <\/p>\n<ul>\n<li>bei Verletzung des Lebens, des K\u00f6rpers oder der Gesundheit<\/li>\n<li>bei vors\u00e4tzlicher oder grob fahrl\u00e4ssiger Pflichtverletzung sowie Arglist<\/li>\n<li>bei Verletzung wesentlicher Vertragspflichten, deren Erf\u00fcllung die ordnungsgem\u00e4\u00dfe Durchf\u00fchrung des Vertrages \u00fcberhaupt erst erm\u00f6glicht und auf deren Einhaltung der Vertragspartner regelm\u00e4\u00dfig vertrauen darf (Kardinalpflichten)<\/li>\n<li>im Rahmen eines Garantieversprechens, soweit vereinbart, oder<\/li>\n<li>soweit der Anwendungsbereich des Produkthaftungsgesetzes er\u00f6ffnet ist.<\/li>\n<\/ul>\n<p><strong>Beschr\u00e4nkungen gegen\u00fcber Unternehmern<\/strong> <\/p>\n<p>Gegen\u00fcber Unternehmern gelten als Vereinbarung \u00fcber die Beschaffenheit der Ware nur unsere eigenen Angaben und die Produktbeschreibungen des Herstellers, die in den Vertrag einbezogen wurden; f\u00fcr \u00f6ffentliche \u00c4u\u00dferungen des Herstellers oder sonstige Werbeaussagen \u00fcbernehmen wir keine Haftung. F\u00fcr Unternehmer betr\u00e4gt die Verj\u00e4hrungsfrist f\u00fcr M\u00e4ngelanspr\u00fcche bei neu hergestellten Sachen ein Jahr ab Gefahr\u00fcbergang.\n    <\/p>\n<p>Die gesetzlichen Verj\u00e4hrungsfristen f\u00fcr den R\u00fcckgriffsanspruch nach \u00a7 445a BGB bleiben unber\u00fchrt.<\/p>\n<p><strong>Regelungen gegen\u00fcber Kaufleuten<\/strong><\/p>\n<p>Unter Kaufleuten gilt die in \u00a7 377 HGB geregelte Untersuchungs- und R\u00fcgepflicht. Unterlassen Sie die dort geregelte Anzeige, so gilt die Ware als genehmigt, es sei denn, dass es sich um einen Mangel handelt, der bei der Untersuchung nicht erkennbar war. Dies gilt nicht, falls wir einen Mangel arglistig verschwiegen haben.<\/p>\n<h3>9.2\u00a0Garantien und Kundendienst <\/h3>\n<p>Informationen zu gegebenenfalls geltenden zus\u00e4tzlichen Garantien und deren genaue Bedingungen finden Sie jeweils beim Produkt und auf besonderen Informationsseiten im Online-Shop.<\/p>\n<h2>10.\u00a0Haftung\u200b\u200b\u200b\u200b\u200b\u200b\u200b<\/h2>\n<p>F\u00fcr Anspr\u00fcche aufgrund von Sch\u00e4den, die durch uns, unsere gesetzlichen Vertreter oder Erf\u00fcllungsgehilfen verursacht wurden, haften wir stets unbeschr\u00e4nkt<\/p>\n<ul>\n<li>bei Verletzung des Lebens, des K\u00f6rpers oder der Gesundheit,<\/li>\n<li>bei vors\u00e4tzlicher oder grob fahrl\u00e4ssiger Pflichtverletzung,<\/li>\n<li>bei Garantieversprechen, soweit vereinbart, oder<\/li>\n<li>soweit der Anwendungsbereich des Produkthaftungsgesetzes er\u00f6ffnet ist.<\/li>\n<\/ul>\n<p>Bei Verletzung wesentlicher Vertragspflichten, deren Erf\u00fcllung die ordnungsgem\u00e4\u00dfe Durchf\u00fchrung des Vertrages \u00fcberhaupt erst erm\u00f6glicht und auf deren Einhaltung der Vertragspartner regelm\u00e4\u00dfig vertrauen darf, (Kardinalpflichten) durch leichte Fahrl\u00e4ssigkeit von uns, unseren gesetzlichen Vertretern oder Erf\u00fcllungsgehilfen ist die Haftung der H\u00f6he nach auf den bei Vertragsschluss vorhersehbaren Schaden begrenzt, mit dessen Entstehung typischerweise gerechnet werden muss. <br \/> Im \u00dcbrigen sind Anspr\u00fcche auf Schadensersatz ausgeschlossen.<\/p>\n<h2>11.\u00a0Streitbeilegung\u200b\u200b\u200b\u200b\u200b\u200b\u200b<\/h2>\n<p>Die Europ\u00e4ische Kommission stellt eine Plattform zur Online-Streitbeilegung (OS) bereit, die Sie <a href=\"https:\/\/ec.europa.eu\/consumers\/odr\/\" target=\"_blank\" rel=\"noopener\">hier<\/a> finden.<br \/>\n     Zur Teilnahme an einem Streitbeilegungsverfahren vor einer Verbraucherschlichtungsstelle sind wir nicht verpflichtet und nicht bereit.\n    <\/p>\n<h2>12.\u00a0Schlussbestimmungen\u200b\u200b\u200b\u200b\u200b\u200b\u200b <\/h2>\n<p>Sind Sie Unternehmer, dann gilt deutsches Recht unter Ausschluss des UN-Kaufrechts.<\/p>\n<p>\n        <a href=\"https:\/\/legal.trustedshops.com\/produkte\/rechtstexter\" target=\"_blank\" rel=\"noopener\">AGB<\/a><br \/>\n        erstellt mit dem<br \/>\n        <a href=\"https:\/\/legal.trustedshops.com\" target=\"_blank\" rel=\"noopener\">Trusted Shops<\/a><br \/>\n        Rechtstexter<\/p>\n<p><\/body><br \/>\n<\/html><br \/>\n\n","protected":false},"excerpt":{"rendered":"","protected":false},"author":1,"featured_media":0,"parent":0,"menu_order":0,"comment_status":"closed","ping_status":"closed","template":"","meta":{"footnotes":""},"class_list":["post-224","page","type-page","status-publish","hentry"],"yoast_head":"<!-- This site is optimized with the Yoast SEO plugin v25.9 - https:\/\/yoast.com\/wordpress\/plugins\/seo\/ -->\n<title>AGB<\/title>\n<meta name=\"robots\" content=\"index, follow, max-snippet:-1, max-image-preview:large, max-video-preview:-1\" \/>\n<link rel=\"canonical\" href=\"https:\/\/xn--mausbrwear-u5a.de\/?page_id=224\" \/>\n<meta property=\"og:locale\" content=\"de_DE\" \/>\n<meta property=\"og:type\" content=\"article\" \/>\n<meta property=\"og:title\" content=\"AGB\" \/>\n<meta property=\"og:url\" content=\"https:\/\/xn--mausbrwear-u5a.de\/?page_id=224\" \/>\n<meta property=\"og:site_name\" content=\"Mausb\u00e4rwear\" \/>\n<meta property=\"article:publisher\" content=\"https:\/\/www.facebook.com\/mausbaerwear\/\" \/>\n<meta property=\"article:modified_time\" content=\"2026-02-12T20:36:25+00:00\" \/>\n<meta property=\"og:image\" content=\"https:\/\/xn--mausbrwear-u5a.de\/wp-content\/uploads\/2023\/01\/MausBarWear-Logo-Dunkel.png\" \/>\n\t<meta property=\"og:image:width\" content=\"4938\" \/>\n\t<meta property=\"og:image:height\" content=\"1388\" \/>\n\t<meta property=\"og:image:type\" content=\"image\/png\" \/>\n<meta name=\"twitter:card\" content=\"summary_large_image\" \/>\n<meta name=\"twitter:label1\" content=\"Gesch\u00e4tzte Lesezeit\" \/>\n\t<meta name=\"twitter:data1\" content=\"6\u00a0Minuten\" \/>\n<script type=\"application\/ld+json\" class=\"yoast-schema-graph\">{\"@context\":\"https:\/\/schema.org\",\"@graph\":[{\"@type\":\"WebPage\",\"@id\":\"https:\/\/xn--mausbrwear-u5a.de\/?page_id=224\",\"url\":\"https:\/\/xn--mausbrwear-u5a.de\/?page_id=224\",\"name\":\"AGB\",\"isPartOf\":{\"@id\":\"https:\/\/xn--mausbrwear-u5a.de\/#website\"},\"datePublished\":\"2022-12-05T19:58:49+00:00\",\"dateModified\":\"2026-02-12T20:36:25+00:00\",\"breadcrumb\":{\"@id\":\"https:\/\/xn--mausbrwear-u5a.de\/?page_id=224#breadcrumb\"},\"inLanguage\":\"de\",\"potentialAction\":[{\"@type\":\"ReadAction\",\"target\":[\"https:\/\/xn--mausbrwear-u5a.de\/?page_id=224\"]}]},{\"@type\":\"BreadcrumbList\",\"@id\":\"https:\/\/xn--mausbrwear-u5a.de\/?page_id=224#breadcrumb\",\"itemListElement\":[{\"@type\":\"ListItem\",\"position\":1,\"name\":\"Home\",\"item\":\"https:\/\/xn--mausbrwear-u5a.de\/\"},{\"@type\":\"ListItem\",\"position\":2,\"name\":\"AGB\"}]},{\"@type\":\"WebSite\",\"@id\":\"https:\/\/xn--mausbrwear-u5a.de\/#website\",\"url\":\"https:\/\/xn--mausbrwear-u5a.de\/\",\"name\":\"MausB\u00e4rWear\",\"description\":\"\",\"publisher\":{\"@id\":\"https:\/\/xn--mausbrwear-u5a.de\/#organization\"},\"alternateName\":\"MBW\",\"potentialAction\":[{\"@type\":\"SearchAction\",\"target\":{\"@type\":\"EntryPoint\",\"urlTemplate\":\"https:\/\/xn--mausbrwear-u5a.de\/?s={search_term_string}\"},\"query-input\":{\"@type\":\"PropertyValueSpecification\",\"valueRequired\":true,\"valueName\":\"search_term_string\"}}],\"inLanguage\":\"de\"},{\"@type\":\"Organization\",\"@id\":\"https:\/\/xn--mausbrwear-u5a.de\/#organization\",\"name\":\"Mausb\u00e4rwear - Andrea Haider\",\"alternateName\":\"MBW\",\"url\":\"https:\/\/xn--mausbrwear-u5a.de\/\",\"logo\":{\"@type\":\"ImageObject\",\"inLanguage\":\"de\",\"@id\":\"https:\/\/xn--mausbrwear-u5a.de\/#\/schema\/logo\/image\/\",\"url\":\"https:\/\/xn--mausbrwear-u5a.de\/wp-content\/uploads\/2023\/03\/cropped-favicon-256x256-1.png\",\"contentUrl\":\"https:\/\/xn--mausbrwear-u5a.de\/wp-content\/uploads\/2023\/03\/cropped-favicon-256x256-1.png\",\"width\":512,\"height\":512,\"caption\":\"Mausb\u00e4rwear - Andrea Haider\"},\"image\":{\"@id\":\"https:\/\/xn--mausbrwear-u5a.de\/#\/schema\/logo\/image\/\"},\"sameAs\":[\"https:\/\/www.facebook.com\/mausbaerwear\/\",\"https:\/\/www.instagram.com\/mausbaerwear\/\"]}]}<\/script>\n<!-- \/ Yoast SEO plugin. -->","yoast_head_json":{"title":"AGB","robots":{"index":"index","follow":"follow","max-snippet":"max-snippet:-1","max-image-preview":"max-image-preview:large","max-video-preview":"max-video-preview:-1"},"canonical":"https:\/\/xn--mausbrwear-u5a.de\/?page_id=224","og_locale":"de_DE","og_type":"article","og_title":"AGB","og_url":"https:\/\/xn--mausbrwear-u5a.de\/?page_id=224","og_site_name":"Mausb\u00e4rwear","article_publisher":"https:\/\/www.facebook.com\/mausbaerwear\/","article_modified_time":"2026-02-12T20:36:25+00:00","og_image":[{"width":4938,"height":1388,"url":"https:\/\/xn--mausbrwear-u5a.de\/wp-content\/uploads\/2023\/01\/MausBarWear-Logo-Dunkel.png","type":"image\/png"}],"twitter_card":"summary_large_image","twitter_misc":{"Gesch\u00e4tzte Lesezeit":"6\u00a0Minuten"},"schema":{"@context":"https:\/\/schema.org","@graph":[{"@type":"WebPage","@id":"https:\/\/xn--mausbrwear-u5a.de\/?page_id=224","url":"https:\/\/xn--mausbrwear-u5a.de\/?page_id=224","name":"AGB","isPartOf":{"@id":"https:\/\/xn--mausbrwear-u5a.de\/#website"},"datePublished":"2022-12-05T19:58:49+00:00","dateModified":"2026-02-12T20:36:25+00:00","breadcrumb":{"@id":"https:\/\/xn--mausbrwear-u5a.de\/?page_id=224#breadcrumb"},"inLanguage":"de","potentialAction":[{"@type":"ReadAction","target":["https:\/\/xn--mausbrwear-u5a.de\/?page_id=224"]}]},{"@type":"BreadcrumbList","@id":"https:\/\/xn--mausbrwear-u5a.de\/?page_id=224#breadcrumb","itemListElement":[{"@type":"ListItem","position":1,"name":"Home","item":"https:\/\/xn--mausbrwear-u5a.de\/"},{"@type":"ListItem","position":2,"name":"AGB"}]},{"@type":"WebSite","@id":"https:\/\/xn--mausbrwear-u5a.de\/#website","url":"https:\/\/xn--mausbrwear-u5a.de\/","name":"MausB\u00e4rWear","description":"","publisher":{"@id":"https:\/\/xn--mausbrwear-u5a.de\/#organization"},"alternateName":"MBW","potentialAction":[{"@type":"SearchAction","target":{"@type":"EntryPoint","urlTemplate":"https:\/\/xn--mausbrwear-u5a.de\/?s={search_term_string}"},"query-input":{"@type":"PropertyValueSpecification","valueRequired":true,"valueName":"search_term_string"}}],"inLanguage":"de"},{"@type":"Organization","@id":"https:\/\/xn--mausbrwear-u5a.de\/#organization","name":"Mausb\u00e4rwear - Andrea Haider","alternateName":"MBW","url":"https:\/\/xn--mausbrwear-u5a.de\/","logo":{"@type":"ImageObject","inLanguage":"de","@id":"https:\/\/xn--mausbrwear-u5a.de\/#\/schema\/logo\/image\/","url":"https:\/\/xn--mausbrwear-u5a.de\/wp-content\/uploads\/2023\/03\/cropped-favicon-256x256-1.png","contentUrl":"https:\/\/xn--mausbrwear-u5a.de\/wp-content\/uploads\/2023\/03\/cropped-favicon-256x256-1.png","width":512,"height":512,"caption":"Mausb\u00e4rwear - Andrea Haider"},"image":{"@id":"https:\/\/xn--mausbrwear-u5a.de\/#\/schema\/logo\/image\/"},"sameAs":["https:\/\/www.facebook.com\/mausbaerwear\/","https:\/\/www.instagram.com\/mausbaerwear\/"]}]}},"_links":{"self":[{"href":"https:\/\/xn--mausbrwear-u5a.de\/index.php?rest_route=\/wp\/v2\/pages\/224","targetHints":{"allow":["GET"]}}],"collection":[{"href":"https:\/\/xn--mausbrwear-u5a.de\/index.php?rest_route=\/wp\/v2\/pages"}],"about":[{"href":"https:\/\/xn--mausbrwear-u5a.de\/index.php?rest_route=\/wp\/v2\/types\/page"}],"author":[{"embeddable":true,"href":"https:\/\/xn--mausbrwear-u5a.de\/index.php?rest_route=\/wp\/v2\/users\/1"}],"replies":[{"embeddable":true,"href":"https:\/\/xn--mausbrwear-u5a.de\/index.php?rest_route=%2Fwp%2Fv2%2Fcomments&post=224"}],"version-history":[{"count":8,"href":"https:\/\/xn--mausbrwear-u5a.de\/index.php?rest_route=\/wp\/v2\/pages\/224\/revisions"}],"predecessor-version":[{"id":2074,"href":"https:\/\/xn--mausbrwear-u5a.de\/index.php?rest_route=\/wp\/v2\/pages\/224\/revisions\/2074"}],"wp:attachment":[{"href":"https:\/\/xn--mausbrwear-u5a.de\/index.php?rest_route=%2Fwp%2Fv2%2Fmedia&parent=224"}],"curies":[{"name":"wp","href":"https:\/\/api.w.org\/{rel}","templated":true}]}}